{"id":16,"date":"2025-06-12T09:56:33","date_gmt":"2025-06-12T07:56:33","guid":{"rendered":"https:\/\/seravitacare.ch\/?page_id=16"},"modified":"2025-10-17T16:55:05","modified_gmt":"2025-10-17T14:55:05","slug":"kontakt","status":"publish","type":"page","link":"https:\/\/seravitacare.ch\/en\/kontakt\/","title":{"rendered":"Contact us"},"content":{"rendered":"","protected":false},"excerpt":{"rendered":"","protected":false},"author":1,"featured_media":0,"parent":0,"menu_order":0,"comment_status":"closed","ping_status":"closed","template":"","meta":{"_seopress_robots_primary_cat":"","_seopress_titles_title":"Kontakt \u2013 SeraVitaCare erreichen","_seopress_titles_desc":"Nehmen Sie Kontakt zu SeraVitaCare auf. Unser Team steht Ihnen f\u00fcr Fragen, Beratung und Unterst\u00fctzung jederzeit zur Verf\u00fcgung.","_seopress_robots_index":"","footnotes":""},"class_list":["post-16","page","type-page","status-publish","hentry"],"_links":{"self":[{"href":"https:\/\/seravitacare.ch\/en\/wp-json\/wp\/v2\/pages\/16","targetHints":{"allow":["GET"]}}],"collection":[{"href":"https:\/\/seravitacare.ch\/en\/wp-json\/wp\/v2\/pages"}],"about":[{"href":"https:\/\/seravitacare.ch\/en\/wp-json\/wp\/v2\/types\/page"}],"author":[{"embeddable":true,"href":"https:\/\/seravitacare.ch\/en\/wp-json\/wp\/v2\/users\/1"}],"replies":[{"embeddable":true,"href":"https:\/\/seravitacare.ch\/en\/wp-json\/wp\/v2\/comments?post=16"}],"version-history":[{"count":61,"href":"https:\/\/seravitacare.ch\/en\/wp-json\/wp\/v2\/pages\/16\/revisions"}],"predecessor-version":[{"id":1177,"href":"https:\/\/seravitacare.ch\/en\/wp-json\/wp\/v2\/pages\/16\/revisions\/1177"}],"wp:attachment":[{"href":"https:\/\/seravitacare.ch\/en\/wp-json\/wp\/v2\/media?parent=16"}],"curies":[{"name":"wp","href":"https:\/\/api.w.org\/{rel}","templated":true}]}}