{"id":452,"date":"2025-07-26T16:18:25","date_gmt":"2025-07-26T14:18:25","guid":{"rendered":"https:\/\/seravitacare.ch\/?page_id=452"},"modified":"2025-09-13T16:28:52","modified_gmt":"2025-09-13T14:28:52","slug":"so-funktionierts","status":"publish","type":"page","link":"https:\/\/seravitacare.ch\/en\/so-funktionierts\/","title":{"rendered":"How it works"},"content":{"rendered":"","protected":false},"excerpt":{"rendered":"","protected":false},"author":1,"featured_media":0,"parent":0,"menu_order":0,"comment_status":"closed","ping_status":"closed","template":"","meta":{"_seopress_robots_primary_cat":"","_seopress_titles_title":"So funktioniert SeravitaCare \u2013 Pflege einfach erkl\u00e4rt","_seopress_titles_desc":"Entdecken Sie, wie SeravitaCare Ihnen die Pflege erleichtert. Schritt-f\u00fcr-Schritt zu individuellen L\u00f6sungen f\u00fcr Zuhause.","_seopress_robots_index":"","footnotes":""},"class_list":["post-452","page","type-page","status-publish","hentry"],"_links":{"self":[{"href":"https:\/\/seravitacare.ch\/en\/wp-json\/wp\/v2\/pages\/452","targetHints":{"allow":["GET"]}}],"collection":[{"href":"https:\/\/seravitacare.ch\/en\/wp-json\/wp\/v2\/pages"}],"about":[{"href":"https:\/\/seravitacare.ch\/en\/wp-json\/wp\/v2\/types\/page"}],"author":[{"embeddable":true,"href":"https:\/\/seravitacare.ch\/en\/wp-json\/wp\/v2\/users\/1"}],"replies":[{"embeddable":true,"href":"https:\/\/seravitacare.ch\/en\/wp-json\/wp\/v2\/comments?post=452"}],"version-history":[{"count":34,"href":"https:\/\/seravitacare.ch\/en\/wp-json\/wp\/v2\/pages\/452\/revisions"}],"predecessor-version":[{"id":1105,"href":"https:\/\/seravitacare.ch\/en\/wp-json\/wp\/v2\/pages\/452\/revisions\/1105"}],"wp:attachment":[{"href":"https:\/\/seravitacare.ch\/en\/wp-json\/wp\/v2\/media?parent=452"}],"curies":[{"name":"wp","href":"https:\/\/api.w.org\/{rel}","templated":true}]}}