{"id":592,"date":"2025-08-16T09:05:18","date_gmt":"2025-08-16T07:05:18","guid":{"rendered":"https:\/\/seravitacare.ch\/?page_id=592"},"modified":"2025-09-30T11:28:10","modified_gmt":"2025-09-30T09:28:10","slug":"faq","status":"publish","type":"page","link":"https:\/\/seravitacare.ch\/en\/faq\/","title":{"rendered":"FAQ"},"content":{"rendered":"","protected":false},"excerpt":{"rendered":"","protected":false},"author":1,"featured_media":0,"parent":0,"menu_order":0,"comment_status":"closed","ping_status":"closed","template":"","meta":{"_seopress_robots_primary_cat":"","_seopress_titles_title":"FAQ \u2013 H\u00e4ufige Fragen zu SeraVitaCare","_seopress_titles_desc":"Finden Sie Antworten auf h\u00e4ufige Fragen zu Pflege, Leistungen und Abl\u00e4ufen bei SeraVitaCare. Klar und verst\u00e4ndlich erkl\u00e4rt.","_seopress_robots_index":"","footnotes":""},"class_list":["post-592","page","type-page","status-publish","hentry"],"_links":{"self":[{"href":"https:\/\/seravitacare.ch\/en\/wp-json\/wp\/v2\/pages\/592","targetHints":{"allow":["GET"]}}],"collection":[{"href":"https:\/\/seravitacare.ch\/en\/wp-json\/wp\/v2\/pages"}],"about":[{"href":"https:\/\/seravitacare.ch\/en\/wp-json\/wp\/v2\/types\/page"}],"author":[{"embeddable":true,"href":"https:\/\/seravitacare.ch\/en\/wp-json\/wp\/v2\/users\/1"}],"replies":[{"embeddable":true,"href":"https:\/\/seravitacare.ch\/en\/wp-json\/wp\/v2\/comments?post=592"}],"version-history":[{"count":28,"href":"https:\/\/seravitacare.ch\/en\/wp-json\/wp\/v2\/pages\/592\/revisions"}],"predecessor-version":[{"id":1168,"href":"https:\/\/seravitacare.ch\/en\/wp-json\/wp\/v2\/pages\/592\/revisions\/1168"}],"wp:attachment":[{"href":"https:\/\/seravitacare.ch\/en\/wp-json\/wp\/v2\/media?parent=592"}],"curies":[{"name":"wp","href":"https:\/\/api.w.org\/{rel}","templated":true}]}}