{"id":596,"date":"2025-08-16T09:06:02","date_gmt":"2025-08-16T07:06:02","guid":{"rendered":"https:\/\/seravitacare.ch\/?page_id=596"},"modified":"2025-09-30T11:29:09","modified_gmt":"2025-09-30T09:29:09","slug":"werte","status":"publish","type":"page","link":"https:\/\/seravitacare.ch\/en\/werte\/","title":{"rendered":"Our values"},"content":{"rendered":"","protected":false},"excerpt":{"rendered":"","protected":false},"author":1,"featured_media":0,"parent":0,"menu_order":0,"comment_status":"closed","ping_status":"closed","template":"","meta":{"_seopress_robots_primary_cat":"","_seopress_titles_title":"Unsere Werte \u2013 Vertrauen & Qualit\u00e4t bei SeraVitaCare","_seopress_titles_desc":"SeraVitaCare steht f\u00fcr F\u00fcrsorge, Respekt und h\u00f6chste Pflegequalit\u00e4t. Erfahren Sie mehr \u00fcber unsere Grundwerte.","_seopress_robots_index":"","footnotes":""},"class_list":["post-596","page","type-page","status-publish","hentry"],"_links":{"self":[{"href":"https:\/\/seravitacare.ch\/en\/wp-json\/wp\/v2\/pages\/596","targetHints":{"allow":["GET"]}}],"collection":[{"href":"https:\/\/seravitacare.ch\/en\/wp-json\/wp\/v2\/pages"}],"about":[{"href":"https:\/\/seravitacare.ch\/en\/wp-json\/wp\/v2\/types\/page"}],"author":[{"embeddable":true,"href":"https:\/\/seravitacare.ch\/en\/wp-json\/wp\/v2\/users\/1"}],"replies":[{"embeddable":true,"href":"https:\/\/seravitacare.ch\/en\/wp-json\/wp\/v2\/comments?post=596"}],"version-history":[{"count":10,"href":"https:\/\/seravitacare.ch\/en\/wp-json\/wp\/v2\/pages\/596\/revisions"}],"predecessor-version":[{"id":939,"href":"https:\/\/seravitacare.ch\/en\/wp-json\/wp\/v2\/pages\/596\/revisions\/939"}],"wp:attachment":[{"href":"https:\/\/seravitacare.ch\/en\/wp-json\/wp\/v2\/media?parent=596"}],"curies":[{"name":"wp","href":"https:\/\/api.w.org\/{rel}","templated":true}]}}